{"id":19169,"date":"2014-06-03T12:16:59","date_gmt":"2014-06-03T12:16:59","guid":{"rendered":"http:\/\/demo.select-themes.com\/stockholm12\/?page_id=19169"},"modified":"2025-12-28T13:10:40","modified_gmt":"2025-12-28T16:10:40","slug":"blog-large-image-with-sidebar","status":"publish","type":"page","link":"http:\/\/clarasaccone.com\/?page_id=19169","title":{"rendered":"LIBROS"},"content":{"rendered":"<p>&nbsp;<\/p>\n<p>[vc_row][vc_column width=\u00bb1\/2&#8243;][vc_single_image image=\u00bb22807&#8243; img_size=\u00bblarge\u00bb][\/vc_column][vc_column width=\u00bb1\/2&#8243;][vc_column_text]<strong>CONSEGUI EL LIBRO \u00abINDIANA &amp; COCO, DETECTIVES DE JARDIN\u00bb<\/strong><\/p>\n<p><a href=\"http:\/\/clarasaccone.com\/wp-content\/uploads\/2024\/12\/TapaIndianayCoco-final.jpg\"><img loading=\"lazy\" decoding=\"async\" class=\"alignnone size-medium wp-image-22934\" src=\"http:\/\/clarasaccone.com\/wp-content\/uploads\/2024\/12\/TapaIndianayCoco-final-300x261.jpg\" alt=\"\" width=\"300\" height=\"261\" srcset=\"http:\/\/clarasaccone.com\/wp-content\/uploads\/2024\/12\/TapaIndianayCoco-final-300x261.jpg 300w, http:\/\/clarasaccone.com\/wp-content\/uploads\/2024\/12\/TapaIndianayCoco-final-768x668.jpg 768w, http:\/\/clarasaccone.com\/wp-content\/uploads\/2024\/12\/TapaIndianayCoco-final-700x609.jpg 700w, http:\/\/clarasaccone.com\/wp-content\/uploads\/2024\/12\/TapaIndianayCoco-final.jpg 906w\" sizes=\"auto, (max-width: 300px) 100vw, 300px\" \/><\/a><\/p>\n<p>&nbsp;<\/p>\n<p class=\"p1\"><strong><span class=\"s1\">DONDE CONSIGO EL LIBRO? <\/span><\/strong><\/p>\n<p class=\"p3\"><strong><span class=\"s3\">BUENOS AIRES <\/span><\/strong><\/p>\n<p class=\"p3\"><strong><span class=\"s4\">CABA<\/span><\/strong><\/p>\n<ul class=\"ul1\">\n<li class=\"li3\"><span class=\"s2\">Casa Gerbera ( Estados Unidos 4167)<\/span><\/li>\n<li>Mandragora Libros y Cultura (Vera 1096)<\/li>\n<li>Magia Libros (Thames 1619)<\/li>\n<li class=\"li3\"><span class=\"s2\">Fetiche Libros (Thames 744)<\/span><\/li>\n<li>Malatesta (Gandara 2994)<\/li>\n<li>Paradigma (Maure 1786)<\/li>\n<li>Brezal Libros (Av Santa Fe 2729, Galer\u00eda Patio del Liceo)<\/li>\n<li>La nube (Av Jorge Newbery 3537)<\/li>\n<li>Fedro Libros (Carlos Calvo 578)<\/li>\n<li>Vuelvo al Sur Libros (La Rioja 2127)<\/li>\n<li>Libros del Arrabal ( Av Larrazabal 248)<\/li>\n<li>La gata y la luna libros (Manuela Pedraza 2365)<\/li>\n<li>Lunaria Libros (Ibera 1629)<\/li>\n<li>Libreria Infantil TQL (Florida 165, Galer\u00eda G\u00fcemes)<\/li>\n<li>Dos puntos libros (Turin 3396)<\/li>\n<li>Grendelia Libros (Salcedo 3738)<\/li>\n<li>El gato escaldado (Av Independencia 3548)<\/li>\n<li class=\"li3\"><span class=\"s2\">Pedro y Poki <a href=\"https:\/\/www.pedroypoki.com.ar\/?fbclid=PAVERFWANDzYZleHRuA2FlbQIxMQABpyqHrAzfvu0y6BB1xvp9hQ5GBPViYRRfj7pqungKqiFqL6d_9V3U29zDTOHo_aem_Q7z0BgAXCibw6ngf3E041w\">https:\/\/www.pedroypoki.com.ar <\/a><\/span><\/li>\n<\/ul>\n<p class=\"p3\"><strong><span class=\"s4\">ZONA NORTE <\/span><\/strong><\/p>\n<ul class=\"ul1\">\n<li class=\"li3\"><span class=\"s2\">Jueves (Vicente L\u00f3pez) <a href=\"https:\/\/www.jueves.com.ar\/?fbclid=PAVERFWANDzeNleHRuA2FlbQIxMAABp8zU1lHXztVWLf6tQ0y5O6b6zWm6w-pqR9xYzP2yLcNYR_FtayYEEtVmkyPl_aem_Y9Z0B5NsZzR5pI-nPTtnEQ\">https:\/\/www.jueves.com.ar <\/a><\/span><\/li>\n<li class=\"li3\"><span class=\"s2\">No tan Puan ( Chacabuco 459, San Isidro)<\/span><\/li>\n<li>Rayos y Truenos (Juan B Justo 118 Beccar)<\/li>\n<li>Los confines (Prof Aguer 4757, Villa Ballester)<\/li>\n<li class=\"li3\"><span class=\"s2\">Dulcinea Libros ( Monse\u00f1or Alberti 655, San Isidro)<\/span><\/li>\n<li class=\"li3\"><span class=\"s2\">Librer\u00eda de la Ribera (Ib\u00e1\u00f1ez 2659, Beccar)<\/span><\/li>\n<li class=\"li3\"><span class=\"s2\">Librer\u00eda Saint Exup\u00e9ry (Pi\u00f1ero 975, Bella Vista)<\/span><\/li>\n<li>Librer\u00eda Rodriguez Hurlingham ( Av Jauretche 1385, Hurlingham)<\/li>\n<li>Librer\u00eda La Cueva (Arias 2354, Castelar)<\/li>\n<\/ul>\n<p class=\"p3\"><strong><span class=\"s3\">MAR DEL PLATA<\/span><\/strong><\/p>\n<ul class=\"ul1\">\n<li class=\"li3\"><span class=\"s2\">Libros de la Arena (Rivadavia 2724) <\/span><\/li>\n<li class=\"li3\"><span class=\"s2\">Fray Mocho ( Bartolom\u00e9 Mitre 1836)<\/span><\/li>\n<\/ul>\n<p class=\"p3\"><strong><span class=\"s3\">BRAGADO<\/span><\/strong><\/p>\n<ul class=\"ul1\">\n<li class=\"li3\"><span class=\"s2\">Teddy House (Pellegrini 1883)<\/span><\/li>\n<\/ul>\n<p>&nbsp;<\/p>\n<p><strong>FICHA:<\/strong><\/p>\n<p><strong>AUTORA:<\/strong> Clara Saccone<\/p>\n<p><strong>EDICION:<\/strong> Josefina Hagelstrom<\/p>\n<p><strong>ILUSTRACIONES:<\/strong> Un Floripondio &#8211; Florencia Rigiroli<\/p>\n<p><strong>DISE\u00d1O:<\/strong> Clara Pages<\/p>\n<p><strong>IMPRESO EN LATIN GRAFICA<\/strong>[\/vc_column_text][\/vc_column][\/vc_row]<\/p>\n<p><!--more--><\/p>\n<p>&nbsp;<\/p>\n<p>[vc_row][vc_column width=\u00bb1\/2&#8243;][vc_single_image image=\u00bb22850&#8243; img_size=\u00bblarge\u00bb][\/vc_column][vc_column width=\u00bb1\/2&#8243;][vc_column_text]<strong> LIBRO \u00abQUE COSA LAS ESTRELLAS\u00bb\u00a0<\/strong><b>No tenemos m\u00e1s stock<\/b>&#8211; Antolog\u00eda de cuentos &#8211;<\/p>\n<p>En esta antolog\u00eda nos encontramos con peque\u00f1os mundos literarios guiados por la particular mirada de sus cuatro autoras. Cada uno de estos cuentos convoca al lector a sumergirse en diversos escenarios, con tramas, personajes y tonos \u00fanicos. Las autoras nos invitan a sentarnos con ellas, en preferencia con un Te Chai e ingresar juntos en el mundo de la literatura.<\/p>\n<p>FICHA:<\/p>\n<p>AUTORAS: Clara Saccone, Lorena Schiava D\u00b4Albano, Gretchen Kraus, Mariana Paz Saj\u00f3n.<\/p>\n<p>PRIMERA EDICION: In\u00e9s del Mazo<\/p>\n<p>SEGUNDA EDICION: Esteban Bertola<\/p>\n<p>ILUSTRACIONES: Josefina Jolly<\/p>\n<p>FOTO DE TAPA: Lorena Schiava D\u00b4Albano<\/p>\n<p>DISE\u00d1O: Clara Pages<\/p>\n<p>IMPRESO EN LATIN GRAFICA[\/vc_column_text][\/vc_column][\/vc_row]<\/p>\n","protected":false},"excerpt":{"rendered":"<p>&nbsp; [vc_row][vc_column width=\u00bb1\/2&#8243;][vc_single_image image=\u00bb22807&#8243; img_size=\u00bblarge\u00bb][\/vc_column][vc_column width=\u00bb1\/2&#8243;][vc_column_text]CONSEGUI EL LIBRO \u00abINDIANA &amp; COCO, DETECTIVES DE JARDIN\u00bb &nbsp; DONDE CONSIGO EL LIBRO? BUENOS AIRES CABA Casa Gerbera ( Estados Unidos 4167) Mandragora Libros y Cultura (Vera 1096) Magia Libros (Thames 1619) Fetiche Libros (Thames 744) Malatesta (Gandara 2994)&#8230;<\/p>\n","protected":false},"author":2,"featured_media":0,"parent":0,"menu_order":0,"comment_status":"open","ping_status":"closed","template":"","meta":{"footnotes":""},"class_list":["post-19169","page","type-page","status-publish","hentry"],"_links":{"self":[{"href":"http:\/\/clarasaccone.com\/index.php?rest_route=\/wp\/v2\/pages\/19169","targetHints":{"allow":["GET"]}}],"collection":[{"href":"http:\/\/clarasaccone.com\/index.php?rest_route=\/wp\/v2\/pages"}],"about":[{"href":"http:\/\/clarasaccone.com\/index.php?rest_route=\/wp\/v2\/types\/page"}],"author":[{"embeddable":true,"href":"http:\/\/clarasaccone.com\/index.php?rest_route=\/wp\/v2\/users\/2"}],"replies":[{"embeddable":true,"href":"http:\/\/clarasaccone.com\/index.php?rest_route=%2Fwp%2Fv2%2Fcomments&post=19169"}],"version-history":[{"count":98,"href":"http:\/\/clarasaccone.com\/index.php?rest_route=\/wp\/v2\/pages\/19169\/revisions"}],"predecessor-version":[{"id":22993,"href":"http:\/\/clarasaccone.com\/index.php?rest_route=\/wp\/v2\/pages\/19169\/revisions\/22993"}],"wp:attachment":[{"href":"http:\/\/clarasaccone.com\/index.php?rest_route=%2Fwp%2Fv2%2Fmedia&parent=19169"}],"curies":[{"name":"wp","href":"https:\/\/api.w.org\/{rel}","templated":true}]}}